{"id":756,"date":"2023-03-14T10:23:05","date_gmt":"2023-03-14T08:23:05","guid":{"rendered":"https:\/\/nikofarm.gr\/condiciones-de-uso\/"},"modified":"2023-04-19T11:08:07","modified_gmt":"2023-04-19T08:08:07","slug":"condiciones-de-uso","status":"publish","type":"page","link":"https:\/\/nikofarm.gr\/es\/condiciones-de-uso\/","title":{"rendered":"Condiciones de uso"},"content":{"rendered":"<div class=\"fusion-fullwidth fullwidth-box fusion-builder-row-1 fusion-flex-container nonhundred-percent-fullwidth non-hundred-percent-height-scrolling\" style=\"--awb-border-radius-top-left:0px;--awb-border-radius-top-right:0px;--awb-border-radius-bottom-right:0px;--awb-border-radius-bottom-left:0px;--awb-flex-wrap:wrap;\" ><div class=\"fusion-builder-row fusion-row fusion-flex-align-items-flex-start fusion-flex-content-wrap\" style=\"max-width:104%;margin-left: calc(-4% \/ 2 );margin-right: calc(-4% \/ 2 );\"><div class=\"fusion-layout-column fusion_builder_column fusion-builder-column-0 fusion_builder_column_1_1 1_1 fusion-flex-column\" style=\"--awb-bg-size:cover;--awb-width-large:100%;--awb-margin-top-large:0px;--awb-spacing-right-large:1.92%;--awb-margin-bottom-large:0px;--awb-spacing-left-large:1.92%;--awb-width-medium:100%;--awb-spacing-right-medium:1.92%;--awb-spacing-left-medium:1.92%;--awb-width-small:100%;--awb-spacing-right-small:1.92%;--awb-spacing-left-small:1.92%;\"><div class=\"fusion-column-wrapper fusion-flex-justify-content-flex-start fusion-content-layout-column\"><div class=\"fusion-text fusion-text-1\"><p><strong><u>Condiciones de uso<\/u><\/strong><\/p>\n<p>Nuestro sitio web http:\/\/www.nikofarm.gr\/ proporciona informaci\u00f3n sobre los servicios que ofrece \u00abPISCIFACTOR\u00cdA NICOFARM LTDA.\u00bb. Antes de utilizar nuestro sitio web, lea atentamente las presentes condiciones de uso.<\/p>\n<p><strong><u>Aplicaci\u00f3n de las condiciones<\/u><\/strong><\/p>\n<p>Cuando utilice nuestro sitio web, incluyendo cualquier aplicaci\u00f3n ejecutada en nuestro nombre y\/o el de nuestras empresas, acepta sin reservas las presentes condiciones. Si no est\u00e1 de acuerdo y no desea estar sujeto a las condiciones, debe abstenerse de utilizar el sitio web.<\/p>\n<p><strong><u>Modificaci\u00f3n de las condiciones<\/u><\/strong><\/p>\n<p>Intentamos continuamente mejorar nuestros servicios. Esto significa que es posible que tengamos que modificar las presentes condiciones de uso de vez en cuando para reflejar con precisi\u00f3n nuestros servicios y pr\u00e1cticas. Cualquier modificaci\u00f3n entra en vigor cuando se publica en nuestro sitio web, a menos que se indique lo contrario en un aviso pertinente en nuestro sitio web. En cualquier caso, le aconsejamos que compruebe si hay alguna modificaci\u00f3n de las condiciones. El hecho de continuar visitando y utilizando nuestro sitio web despu\u00e9s de la publicaci\u00f3n de las nuevas condiciones, implica la aceptaci\u00f3n de las modificaciones pertinentes.<\/p>\n<p>Nos reservamos el derecho a suspender en cualquier momento, de forma temporal y\/o permanente, el funcionamiento de parte o incluso de todo el sitio web. En cualquier caso, nos reservamos tambi\u00e9n el derecho a suspender el uso y\/o el acceso general a este sitio web a los visitantes\/usuarios que infrinjan a nuestra discreci\u00f3n el contenido de las presentes condiciones de uso.<\/p>\n<p><strong><u>Nuestros servicios<\/u><\/strong><\/p>\n<p>Nuestro objetivo b\u00e1sico y diario es mantener la calidad de nuestros productos y el mejor servicio posible a nuestros clientes.<\/p>\n<p><strong><u>Sus obligaciones<\/u><\/strong><\/p>\n<p>Como visitante, est\u00e1 obligado a utilizar nuestro sitio web de manera coherente con las disposiciones de la legislaci\u00f3n griega y con las presentes condiciones de uso.<\/p>\n<p>Para utilizar nuestro sitio web, deber\u00e1 hacer uso de sus propios medios y software y asumir la responsabilidad de la protecci\u00f3n de sus dispositivos contra virus o cualquier software malicioso (malware).<\/p>\n<p>Deber\u00e1 abstenerse de realizar cualquier acci\u00f3n que restrinja o impida a terceros el uso del sitio web y\/o que tenga como objetivo sobrecargarlo, afectarlo negativamente, alterarlo o causar da\u00f1os o fallos en su funcionamiento. Asimismo deber\u00e1 abstenerse de realizar cualquier acto ilegal, abusivo, perjudicial y malicioso utilizando el Sitio Web.<\/p>\n<p>Deber\u00e1 asumir la responsabilidad de cualquier da\u00f1o que podamos sufrir como resultado de sus acciones u omisiones que constituyan un incumplimiento de sus obligaciones en virtud de las presentes condiciones. Tambi\u00e9n ser\u00e1 responsable de cualquier da\u00f1o que suframos como resultado de nuestra participaci\u00f3n en disputas judiciales o debido al pago de multas o da\u00f1os a terceros como resultado del incumplimiento de sus obligaciones como visitante. Nos reservamos el derecho a reclamar el reembolso de dichos da\u00f1os.<\/p>\n<p><strong><u>Limitaci\u00f3n de la responsabilidad<\/u><\/strong><\/p>\n<p>Aunque hacemos todos los esfuerzos posibles y adoptamos todas las medidas necesarias para ofrecer un alto nivel de seguridad, no podemos garantizar la funcionalidad, el contenido, la correcci\u00f3n, la integridad, la relevancia temporal, la adecuaci\u00f3n t\u00e9cnica, la precisi\u00f3n, la claridad, la adecuaci\u00f3n, la validez y la disponibilidad del sitio web, ni el uso y el acceso al mismo.<\/p>\n<p>En ning\u00fan caso, incluidos los casos de negligencia, asumiremos ninguna responsabilidad por posibles da\u00f1os que usted o sus dispositivos, software o archivos puedan sufrir a causa de virus o software malicioso como resultado del uso del sitio web y la informaci\u00f3n contenida en \u00e9l.<\/p>\n<p>No podemos garantizarle una conexi\u00f3n segura a nuestro sitio web y la ausencia de virus, y no asumiremos ninguna responsabilidad en caso de que se produzcan tales da\u00f1os.<\/p>\n<p><strong><u>Derechos de propiedad industrial e intelectual<\/u><\/strong><\/p>\n<p>El nombre corporativo, la marca comercial y las dem\u00e1s caracter\u00edsticas distintivas, as\u00ed como el contenido completo del sitio web, que incluye, a t\u00edtulo indicativo, documentos, gr\u00e1ficos, im\u00e1genes, v\u00eddeos, noticias, art\u00edculos, informaci\u00f3n, datos, dise\u00f1os, representaciones, nombres y descripciones de servicios, la interfaz, la presentaci\u00f3n y la estructura del material y el software est\u00e1n sujetos a derechos exclusivos de propiedad industrial e intelectual y est\u00e1n protegidos de acuerdo con las disposiciones pertinentes de las legislaciones griegas, europea e internacional en materia de propiedad intelectual e industrial.<\/p>\n<p>Por lo dem\u00e1s, queda prohibido realizar cualquier acto o acci\u00f3n, sin nuestro consentimiento previo por escrito, en relaci\u00f3n con cualquier manera, medio y forma de: copia, reproducci\u00f3n, eliminaci\u00f3n, publicaci\u00f3n, venta, transmisi\u00f3n, distribuci\u00f3n, ejecuci\u00f3n, edici\u00f3n, carga, traducci\u00f3n, modificaci\u00f3n y explotaci\u00f3n, parcial o de otro modo, de todo el material que aparece y est\u00e1 incluido en nuestro sitio web.<\/p>\n<p>Excepcionalmente, se permite el almacenamiento individual y la copia de partes del contenido en un simple ordenador personal estrictamente para uso personal, sin intenci\u00f3n de explotaci\u00f3n comercial o de otro tipo y siempre bajo la condici\u00f3n de indicar su procedencia, sin que ello conlleve en modo alguno la concesi\u00f3n de derechos de propiedad intelectual.<\/p>\n<p>Todas las dem\u00e1s marcas comerciales, caracter\u00edsticas distintivas y propiedad intelectual de terceros que puedan aparecer en nuestro sitio web est\u00e1n protegidas bajo la responsabilidad de sus leg\u00edtimos propietarios.<\/p>\n<p><strong><u>Datos personales<\/u><\/strong><\/p>\n<p>La protecci\u00f3n de sus datos personales es de suma importancia para nosotros. Respetamos su derecho a la confidencialidad y hemos tomado todas las precauciones necesarias para proteger sus datos personales de la p\u00e9rdida, robo y uso indebido, as\u00ed como del acceso, divulgaci\u00f3n, modificaci\u00f3n y destrucci\u00f3n no autorizados. Recopilamos y utilizamos sus datos personales con el fin de brindarle los servicios descritos anteriormente. Puede obtener m\u00e1s informaci\u00f3n sobre c\u00f3mo recopilamos y utilizamos sus datos personales en nuestra pol\u00edtica de privacidad.<\/p>\n<p><strong><u>Conexi\u00f3n a sitios web de terceros<\/u><\/strong><\/p>\n<p>Nuestro sitio web puede incluir enlaces (hiperv\u00ednculos, banners) a sitios web de terceros. Estos hiperv\u00ednculos se proporcionan \u00fanicamente para su comodidad. Los sitios web enlazados tienen sus propios t\u00e9rminos y condiciones de uso independientes. Para cualquier pregunta u otro problema relacionado con el uso de estos sitios web, comun\u00edquese con sus administradores. No asumimos ninguna responsabilidad con respecto a la exactitud o integridad del contenido de estos sitios web.<\/p>\n<p><strong><u>Derecho aplicable<\/u><\/strong><\/p>\n<p>Estas condiciones de uso y cualquier reclamaci\u00f3n, diferencia o disputa relacionada con ellas se regir\u00e1n por la legislaci\u00f3n griega. Los \u00f3rganos jurisdiccionales competentes para la interpretaci\u00f3n de las Condiciones y para la resoluci\u00f3n de cualquier disputa relacionada con ellas son los Tribunales de Atenas.<\/p>\n<p>Si alguna disposici\u00f3n de estas Condiciones de uso se considera inaplicable, las disposiciones restantes no se ver\u00e1n afectadas y permanecer\u00e1n en pleno vigor y efecto. El hecho de que no se aplique alguna de las disposiciones de las presentes Condiciones no se interpretar\u00e1 como una renuncia a los derechos que se derivan de dicha disposici\u00f3n. El hecho de que no se aplique alguna de las disposiciones de las presentes Condiciones no se interpretar\u00e1 como una renuncia a los derechos que se derivan de dicha disposici\u00f3n.<\/p>\n<p><strong><u>Contacto<\/u><\/strong><\/p>\n<p>Para cualquier aclaraci\u00f3n con respecto a nuestro sitio web y las condiciones de uso que lo rigen, puede utilizar la direcci\u00f3n de correo info@nikofarm.gr<\/p>\n<\/div><\/div><\/div><\/div><\/div>\n","protected":false},"excerpt":{"rendered":"","protected":false},"author":1,"featured_media":0,"parent":0,"menu_order":0,"comment_status":"closed","ping_status":"closed","template":"100-width.php","meta":{"footnotes":""},"class_list":["post-756","page","type-page","status-publish","hentry"],"_links":{"self":[{"href":"https:\/\/nikofarm.gr\/es\/wp-json\/wp\/v2\/pages\/756","targetHints":{"allow":["GET"]}}],"collection":[{"href":"https:\/\/nikofarm.gr\/es\/wp-json\/wp\/v2\/pages"}],"about":[{"href":"https:\/\/nikofarm.gr\/es\/wp-json\/wp\/v2\/types\/page"}],"author":[{"embeddable":true,"href":"https:\/\/nikofarm.gr\/es\/wp-json\/wp\/v2\/users\/1"}],"replies":[{"embeddable":true,"href":"https:\/\/nikofarm.gr\/es\/wp-json\/wp\/v2\/comments?post=756"}],"version-history":[{"count":2,"href":"https:\/\/nikofarm.gr\/es\/wp-json\/wp\/v2\/pages\/756\/revisions"}],"predecessor-version":[{"id":758,"href":"https:\/\/nikofarm.gr\/es\/wp-json\/wp\/v2\/pages\/756\/revisions\/758"}],"wp:attachment":[{"href":"https:\/\/nikofarm.gr\/es\/wp-json\/wp\/v2\/media?parent=756"}],"curies":[{"name":"wp","href":"https:\/\/api.w.org\/{rel}","templated":true}]}}