{"id":661,"date":"2023-03-13T11:32:19","date_gmt":"2023-03-13T09:32:19","guid":{"rendered":"https:\/\/nikofarm.gr\/por-que-elegir-nikofarm\/"},"modified":"2023-04-18T15:11:54","modified_gmt":"2023-04-18T12:11:54","slug":"por-que-elegir-nikofarm","status":"publish","type":"page","link":"https:\/\/nikofarm.gr\/es\/por-que-elegir-nikofarm\/","title":{"rendered":"\u00bfPor qu\u00e9 elegir NIKOFARM?"},"content":{"rendered":"<p><div class=\"fusion-fullwidth fullwidth-box fusion-builder-row-1 fusion-flex-container has-pattern-background has-mask-background nonhundred-percent-fullwidth non-hundred-percent-height-scrolling\" style=\"--awb-border-radius-top-left:0px;--awb-border-radius-top-right:0px;--awb-border-radius-bottom-right:0px;--awb-border-radius-bottom-left:0px;--awb-flex-wrap:wrap;\" ><div class=\"fusion-builder-row fusion-row fusion-flex-align-items-flex-start fusion-flex-content-wrap\" style=\"max-width:104%;margin-left: calc(-4% \/ 2 );margin-right: calc(-4% \/ 2 );\"><div class=\"fusion-layout-column fusion_builder_column fusion-builder-column-0 fusion_builder_column_1_1 1_1 fusion-flex-column\" style=\"--awb-bg-size:cover;--awb-width-large:100%;--awb-margin-top-large:0px;--awb-spacing-right-large:1.92%;--awb-margin-bottom-large:20px;--awb-spacing-left-large:1.92%;--awb-width-medium:100%;--awb-order-medium:0;--awb-spacing-right-medium:1.92%;--awb-spacing-left-medium:1.92%;--awb-width-small:100%;--awb-order-small:0;--awb-spacing-right-small:1.92%;--awb-spacing-left-small:1.92%;\"><div class=\"fusion-column-wrapper fusion-column-has-shadow fusion-flex-justify-content-flex-start fusion-content-layout-column\"><div class=\"fusion-text fusion-text-1\"><p>Nikofarm es una de las pocas empresas que cr\u00eda peces de piscifactor\u00eda por un tiempo m\u00e1s prolongado. Lo que significa que, aunque el pescado haya alcanzado su tama\u00f1o comercial (450 gr. a los 14-18 meses) Nicofarm mantiene los peces en sus jaulas otros 6 meses siguiendo una dieta baja en grasas. Esta estrategia supone un mayor costo para la empresa, pero da como resultado un producto m\u00e1s sabroso, m\u00e1s saludable, con menos grasa, de mayor tama\u00f1o y con una vida \u00fatil m\u00e1s prolongada.<\/p>\n<h2>La independencia financiera y administrativa le da a Nicofarm la posibilidad de elegir siempre y libremente las mejores materias primas y de la m\u00e1s alta calidad, sin compromisos ni descuentos. La selecci\u00f3n de cr\u00eda y pienso se realiza con sumo cuidado, exigiendo siempre los correspondientes certificados de calidad impuestos por la Uni\u00f3n Europea.<\/h2>\n<p>La evoluci\u00f3n y el desarrollo de Nikofarm han sido continuos a lo largo de los a\u00f1os, a todos los niveles,<br \/>\ndesde nuestra infraestructura e instalaciones hasta la cr\u00eda de especies, sus formas de envasado y suministro, as\u00ed como la importaci\u00f3n y comercializaci\u00f3n de nuevas especies, demostrando nuestra dedicaci\u00f3n y amor por la piscicultura y mejorando constantemente el nivel de servicio a nuestros clientes.<\/p>\n<\/div><\/div><\/div><\/div><\/div><div class=\"fusion-fullwidth fullwidth-box fusion-builder-row-2 fusion-flex-container has-pattern-background has-mask-background white nonhundred-percent-fullwidth non-hundred-percent-height-scrolling\" style=\"--awb-border-radius-top-left:0px;--awb-border-radius-top-right:0px;--awb-border-radius-bottom-right:0px;--awb-border-radius-bottom-left:0px;--awb-flex-wrap:wrap;\" ><div class=\"fusion-builder-row fusion-row fusion-flex-align-items-stretch fusion-flex-content-wrap\" style=\"max-width:104%;margin-left: calc(-4% \/ 2 );margin-right: calc(-4% \/ 2 );\"><div class=\"fusion-layout-column fusion_builder_column fusion-builder-column-1 fusion_builder_column_1_2 1_2 fusion-flex-column\" style=\"--awb-bg-size:cover;--awb-width-large:50%;--awb-margin-top-large:0px;--awb-spacing-right-large:3.84%;--awb-margin-bottom-large:20px;--awb-spacing-left-large:3.84%;--awb-width-medium:50%;--awb-order-medium:0;--awb-spacing-right-medium:3.84%;--awb-spacing-left-medium:3.84%;--awb-width-small:100%;--awb-order-small:0;--awb-spacing-right-small:1.92%;--awb-spacing-left-small:1.92%;\"><div class=\"fusion-column-wrapper fusion-column-has-shadow fusion-flex-justify-content-flex-start fusion-content-layout-column\"><div class=\"fusion-text fusion-text-2\"><p>La prioridad de Nicofarm es su gente:<br \/>\napoyamos a la comunidad local en todo lo que podemos, empezando por la contrataci\u00f3n de trabajadores 100% locales. En la exitosa trayectoria de la empresa reconocemos la contribuci\u00f3n de nuestra gente y los apoyamos de forma pr\u00e1ctica. Por otro lado, nuestra aportaci\u00f3n a esta tierra, al municipio de Istiaia &#8211; Loutra Edipsos, es continua pero siempre discreta, siguiendo el bajo perfil que caracteriza a la familia Nikolaou.<\/p>\n<\/div><\/div><\/div><div class=\"fusion-layout-column fusion_builder_column fusion-builder-column-2 fusion_builder_column_1_2 1_2 fusion-flex-column\" style=\"--awb-bg-size:cover;--awb-width-large:50%;--awb-margin-top-large:0px;--awb-spacing-right-large:3.84%;--awb-margin-bottom-large:20px;--awb-spacing-left-large:3.84%;--awb-width-medium:50%;--awb-order-medium:0;--awb-spacing-right-medium:3.84%;--awb-spacing-left-medium:3.84%;--awb-width-small:100%;--awb-order-small:0;--awb-spacing-right-small:1.92%;--awb-spacing-left-small:1.92%;\"><div class=\"fusion-column-wrapper fusion-column-has-shadow fusion-flex-justify-content-flex-start fusion-content-layout-column\"><div class=\"fusion-text fusion-text-3\"><p>Siempre hacemos lo que acordamos y nunca decimos que haremos algo que no podemos hacer.<br \/>\nLa honestidad con nuestros clientes, proveedores y empleados es nuestro mayor \u00e9xito en estos 35 a\u00f1os de vida de Nikofarm y es, sin duda, nuestro principal conductor para el futuro.<\/p>\n<\/div><\/div><\/div><\/div><\/div><\/p>\n","protected":false},"excerpt":{"rendered":"","protected":false},"author":1,"featured_media":460,"parent":0,"menu_order":0,"comment_status":"closed","ping_status":"closed","template":"100-width.php","meta":{"footnotes":""},"class_list":["post-661","page","type-page","status-publish","has-post-thumbnail","hentry"],"_links":{"self":[{"href":"https:\/\/nikofarm.gr\/es\/wp-json\/wp\/v2\/pages\/661","targetHints":{"allow":["GET"]}}],"collection":[{"href":"https:\/\/nikofarm.gr\/es\/wp-json\/wp\/v2\/pages"}],"about":[{"href":"https:\/\/nikofarm.gr\/es\/wp-json\/wp\/v2\/types\/page"}],"author":[{"embeddable":true,"href":"https:\/\/nikofarm.gr\/es\/wp-json\/wp\/v2\/users\/1"}],"replies":[{"embeddable":true,"href":"https:\/\/nikofarm.gr\/es\/wp-json\/wp\/v2\/comments?post=661"}],"version-history":[{"count":2,"href":"https:\/\/nikofarm.gr\/es\/wp-json\/wp\/v2\/pages\/661\/revisions"}],"predecessor-version":[{"id":663,"href":"https:\/\/nikofarm.gr\/es\/wp-json\/wp\/v2\/pages\/661\/revisions\/663"}],"wp:featuredmedia":[{"embeddable":true,"href":"https:\/\/nikofarm.gr\/es\/wp-json\/wp\/v2\/media\/460"}],"wp:attachment":[{"href":"https:\/\/nikofarm.gr\/es\/wp-json\/wp\/v2\/media?parent=661"}],"curies":[{"name":"wp","href":"https:\/\/api.w.org\/{rel}","templated":true}]}}