{"id":648,"date":"2023-03-13T12:17:41","date_gmt":"2023-03-13T10:17:41","guid":{"rendered":"https:\/\/nikofarm.gr\/productos-especies\/atun\/"},"modified":"2023-04-19T14:45:56","modified_gmt":"2023-04-19T11:45:56","slug":"atun","status":"publish","type":"page","link":"https:\/\/nikofarm.gr\/es\/productos-especies\/atun\/","title":{"rendered":"At\u00fan"},"content":{"rendered":"<p><div class=\"fusion-fullwidth fullwidth-box fusion-builder-row-1 fusion-flex-container has-pattern-background has-mask-background nonhundred-percent-fullwidth non-hundred-percent-height-scrolling\" style=\"--awb-border-radius-top-left:0px;--awb-border-radius-top-right:0px;--awb-border-radius-bottom-right:0px;--awb-border-radius-bottom-left:0px;--awb-flex-wrap:wrap;\" ><div class=\"fusion-builder-row fusion-row fusion-flex-align-items-flex-start fusion-flex-content-wrap\" style=\"max-width:104%;margin-left: calc(-4% \/ 2 );margin-right: calc(-4% \/ 2 );\"><div class=\"fusion-layout-column fusion_builder_column fusion-builder-column-0 fusion_builder_column_1_1 1_1 fusion-flex-column\" style=\"--awb-bg-size:cover;--awb-width-large:100%;--awb-margin-top-large:0px;--awb-spacing-right-large:1.92%;--awb-margin-bottom-large:20px;--awb-spacing-left-large:1.92%;--awb-width-medium:100%;--awb-order-medium:0;--awb-spacing-right-medium:1.92%;--awb-spacing-left-medium:1.92%;--awb-width-small:100%;--awb-order-small:0;--awb-spacing-right-small:1.92%;--awb-spacing-left-small:1.92%;\"><div class=\"fusion-column-wrapper fusion-column-has-shadow fusion-flex-justify-content-flex-start fusion-content-layout-column\"><div class=\"fusion-text fusion-text-1\"><h2>Conocido como: Bluefin tuna (Reino Unido), Thon rouge (FR), At\u00fan (ES)<\/h2>\n<p>A trav\u00e9s de una privilegiada colaboraci\u00f3n con <em><u>una piscifactor\u00eda de at\u00fan<\/u><\/em> rojo con sus instalaciones centrales en Espa\u00f1a, podemos ofrecer at\u00fan de la mejor calidad. El at\u00fan rojo es uno de los alimentos m\u00e1s apreciados en todo el mundo por sus propiedades culinarias y sus sustancias altamente nutritivas.<\/p>\n<p>Todos los atunes se cr\u00edan con t\u00e9cnicas ejemplares de pesca sostenible. M\u00e1s concretamente, son criados, alimentados y pescados <strong>por encargo<\/strong>, siguiendo la t\u00e9cnica japonesa ike jime.<\/p>\n<p>Nuestro compromiso es garantizar el abastecimiento de at\u00fan rojo de la m\u00e1xima calidad con todas las garant\u00edas sanitarias y de seguridad, respetando la especie y su h\u00e1bitat.<\/p>\n<\/div><div class=\"fusion-image-element \" style=\"--awb-margin-top:40px;--awb-caption-title-font-family:var(--h2_typography-font-family);--awb-caption-title-font-weight:var(--h2_typography-font-weight);--awb-caption-title-font-style:var(--h2_typography-font-style);--awb-caption-title-size:var(--h2_typography-font-size);--awb-caption-title-transform:var(--h2_typography-text-transform);--awb-caption-title-line-height:var(--h2_typography-line-height);--awb-caption-title-letter-spacing:var(--h2_typography-letter-spacing);\"><span class=\" fusion-imageframe imageframe-none imageframe-1 hover-type-none\"><img decoding=\"async\" width=\"2550\" height=\"1700\" title=\"Vivero-FUENTES_1\" src=\"https:\/\/nikofarm.gr\/wp-content\/uploads\/2023\/03\/Vivero-FUENTES_1.jpg\" alt class=\"img-responsive wp-image-566\" srcset=\"https:\/\/nikofarm.gr\/wp-content\/uploads\/2023\/03\/Vivero-FUENTES_1-200x133.jpg 200w, https:\/\/nikofarm.gr\/wp-content\/uploads\/2023\/03\/Vivero-FUENTES_1-400x267.jpg 400w, https:\/\/nikofarm.gr\/wp-content\/uploads\/2023\/03\/Vivero-FUENTES_1-600x400.jpg 600w, https:\/\/nikofarm.gr\/wp-content\/uploads\/2023\/03\/Vivero-FUENTES_1-800x533.jpg 800w, https:\/\/nikofarm.gr\/wp-content\/uploads\/2023\/03\/Vivero-FUENTES_1-1200x800.jpg 1200w, https:\/\/nikofarm.gr\/wp-content\/uploads\/2023\/03\/Vivero-FUENTES_1.jpg 2550w\" sizes=\"(max-width: 640px) 100vw, 2550px\" \/><\/span><\/div><\/div><\/div><\/div><\/div><div class=\"fusion-fullwidth fullwidth-box fusion-builder-row-2 fusion-flex-container has-pattern-background has-mask-background three-cols nonhundred-percent-fullwidth non-hundred-percent-height-scrolling\" style=\"--awb-border-radius-top-left:0px;--awb-border-radius-top-right:0px;--awb-border-radius-bottom-right:0px;--awb-border-radius-bottom-left:0px;--awb-flex-wrap:wrap;\" ><div class=\"fusion-builder-row fusion-row fusion-flex-align-items-stretch fusion-flex-content-wrap\" style=\"max-width:104%;margin-left: calc(-4% \/ 2 );margin-right: calc(-4% \/ 2 );\"><div class=\"fusion-layout-column fusion_builder_column fusion-builder-column-1 fusion_builder_column_1_3 1_3 fusion-flex-column\" style=\"--awb-bg-size:cover;--awb-width-large:33.333333333333%;--awb-margin-top-large:0px;--awb-spacing-right-large:5.76%;--awb-margin-bottom-large:20px;--awb-spacing-left-large:5.76%;--awb-width-medium:33.333333333333%;--awb-order-medium:0;--awb-spacing-right-medium:5.76%;--awb-spacing-left-medium:5.76%;--awb-width-small:100%;--awb-order-small:0;--awb-spacing-right-small:1.92%;--awb-spacing-left-small:1.92%;\"><div class=\"fusion-column-wrapper fusion-column-has-shadow fusion-flex-justify-content-flex-start fusion-content-layout-column\"><div class=\"fusion-image-carousel fusion-image-carousel-auto fusion-image-carousel-1\"><div class=\"awb-carousel awb-swiper awb-swiper-carousel awb-carousel--carousel awb-swiper-dots-position-bottom\" data-layout=\"carousel\" data-autoplay=\"yes\" data-autoplayspeed=\"4000\" data-autoplaypause=\"no\" data-columns=\"1\" data-columnsmedium=\"1\" data-columnssmall=\"1\" data-itemmargin=\"0\" data-itemwidth=\"180\" data-touchscroll=\"no\" data-freemode=\"no\" data-imagesize=\"auto\" data-scrollitems=\"0\" data-centeredslides=\"no\" data-rotationangle=\"50\" data-depth=\"100\" data-speed=\"500\" data-shadow=\"no\" data-pagination=\"bullets\" style=\"--awb-columns:1;--awb-column-spacing:0px;\"><div class=\"swiper-wrapper awb-image-carousel-wrapper fusion-flex-align-items-center\"><div class=\"swiper-slide\"><div class=\"fusion-carousel-item-wrapper\"><div class=\"fusion-image-wrapper hover-type-none\"><img decoding=\"async\" width=\"1700\" height=\"1062\" src=\"https:\/\/nikofarm.gr\/wp-content\/uploads\/2023\/03\/lomo-entero.jpg\" class=\"attachment-full size-full\" alt=\"\" srcset=\"https:\/\/nikofarm.gr\/wp-content\/uploads\/2023\/03\/lomo-entero-200x125.jpg 200w, https:\/\/nikofarm.gr\/wp-content\/uploads\/2023\/03\/lomo-entero-300x187.jpg 300w, https:\/\/nikofarm.gr\/wp-content\/uploads\/2023\/03\/lomo-entero-400x250.jpg 400w, https:\/\/nikofarm.gr\/wp-content\/uploads\/2023\/03\/lomo-entero-600x375.jpg 600w, https:\/\/nikofarm.gr\/wp-content\/uploads\/2023\/03\/lomo-entero-768x480.jpg 768w, https:\/\/nikofarm.gr\/wp-content\/uploads\/2023\/03\/lomo-entero-800x500.jpg 800w, https:\/\/nikofarm.gr\/wp-content\/uploads\/2023\/03\/lomo-entero-1024x640.jpg 1024w, https:\/\/nikofarm.gr\/wp-content\/uploads\/2023\/03\/lomo-entero-1200x750.jpg 1200w, https:\/\/nikofarm.gr\/wp-content\/uploads\/2023\/03\/lomo-entero-1536x960.jpg 1536w, https:\/\/nikofarm.gr\/wp-content\/uploads\/2023\/03\/lomo-entero.jpg 1700w\" sizes=\"(max-width: 1700px) 100vw, 1700px\" \/><\/div><\/div><\/div><div class=\"swiper-slide\"><div class=\"fusion-carousel-item-wrapper\"><div class=\"fusion-image-wrapper hover-type-none\"><img decoding=\"async\" width=\"1700\" height=\"1134\" src=\"https:\/\/nikofarm.gr\/wp-content\/uploads\/2023\/03\/Ventresca-4.jpg\" class=\"attachment-full size-full\" alt=\"\" srcset=\"https:\/\/nikofarm.gr\/wp-content\/uploads\/2023\/03\/Ventresca-4-200x133.jpg 200w, https:\/\/nikofarm.gr\/wp-content\/uploads\/2023\/03\/Ventresca-4-300x200.jpg 300w, https:\/\/nikofarm.gr\/wp-content\/uploads\/2023\/03\/Ventresca-4-400x267.jpg 400w, https:\/\/nikofarm.gr\/wp-content\/uploads\/2023\/03\/Ventresca-4-600x400.jpg 600w, https:\/\/nikofarm.gr\/wp-content\/uploads\/2023\/03\/Ventresca-4-768x512.jpg 768w, https:\/\/nikofarm.gr\/wp-content\/uploads\/2023\/03\/Ventresca-4-800x534.jpg 800w, https:\/\/nikofarm.gr\/wp-content\/uploads\/2023\/03\/Ventresca-4-1024x683.jpg 1024w, https:\/\/nikofarm.gr\/wp-content\/uploads\/2023\/03\/Ventresca-4-1200x800.jpg 1200w, https:\/\/nikofarm.gr\/wp-content\/uploads\/2023\/03\/Ventresca-4-1536x1025.jpg 1536w, https:\/\/nikofarm.gr\/wp-content\/uploads\/2023\/03\/Ventresca-4.jpg 1700w\" sizes=\"(max-width: 1700px) 100vw, 1700px\" \/><\/div><\/div><\/div><\/div><\/div><\/div><div class=\"fusion-text fusion-text-2\"><p><strong>Lomo<\/strong><\/p>\n<p>Por su gran tama\u00f1o, limpieza y demanda, el lomo es la parte del at\u00fan m\u00e1s solicitada; ideal para preparaciones en crudo.<\/p>\n<p>Los japoneses dividen la regi\u00f3n lumbar en \u201c<u>Akami<\/u>\u201d y \u201c<u>Chutoro<\/u>\u00ab. \u201cAkami\u201d es la parte pr\u00f3xima a la aleta dorsal, con un color rojo brillante y un nivel m\u00e1s bajo en grasa. El \u201cchutoro\u00bb es la parte pr\u00f3xima a la piel, con un color m\u00e1s rosado, debido a un mayor nivel de grasa.<\/p>\n<p>El filete es perfecto para servir en crudo. Como sashimi, sushi, tartar, ceviche o simplemente a la parrilla o a la barbacoa, el resultado es excelente.<\/p>\n<\/div><\/div><\/div><div class=\"fusion-layout-column fusion_builder_column fusion-builder-column-2 fusion_builder_column_1_3 1_3 fusion-flex-column\" style=\"--awb-bg-size:cover;--awb-width-large:33.333333333333%;--awb-margin-top-large:0px;--awb-spacing-right-large:5.76%;--awb-margin-bottom-large:20px;--awb-spacing-left-large:5.76%;--awb-width-medium:33.333333333333%;--awb-order-medium:0;--awb-spacing-right-medium:5.76%;--awb-spacing-left-medium:5.76%;--awb-width-small:100%;--awb-order-small:0;--awb-spacing-right-small:1.92%;--awb-spacing-left-small:1.92%;\"><div class=\"fusion-column-wrapper fusion-column-has-shadow fusion-flex-justify-content-flex-start fusion-content-layout-column\"><div class=\"fusion-image-element \" style=\"--awb-caption-title-font-family:var(--h2_typography-font-family);--awb-caption-title-font-weight:var(--h2_typography-font-weight);--awb-caption-title-font-style:var(--h2_typography-font-style);--awb-caption-title-size:var(--h2_typography-font-size);--awb-caption-title-transform:var(--h2_typography-text-transform);--awb-caption-title-line-height:var(--h2_typography-line-height);--awb-caption-title-letter-spacing:var(--h2_typography-letter-spacing);\"><span class=\" fusion-imageframe imageframe-none imageframe-2 hover-type-none\"><img decoding=\"async\" width=\"1700\" height=\"1062\" title=\"lomo-bajo-ventresca\" src=\"https:\/\/nikofarm.gr\/wp-content\/uploads\/2023\/03\/lomo-bajo-ventresca.jpg\" alt class=\"img-responsive wp-image-554\" srcset=\"https:\/\/nikofarm.gr\/wp-content\/uploads\/2023\/03\/lomo-bajo-ventresca-200x125.jpg 200w, https:\/\/nikofarm.gr\/wp-content\/uploads\/2023\/03\/lomo-bajo-ventresca-400x250.jpg 400w, https:\/\/nikofarm.gr\/wp-content\/uploads\/2023\/03\/lomo-bajo-ventresca-600x375.jpg 600w, https:\/\/nikofarm.gr\/wp-content\/uploads\/2023\/03\/lomo-bajo-ventresca-800x500.jpg 800w, https:\/\/nikofarm.gr\/wp-content\/uploads\/2023\/03\/lomo-bajo-ventresca-1200x750.jpg 1200w, https:\/\/nikofarm.gr\/wp-content\/uploads\/2023\/03\/lomo-bajo-ventresca.jpg 1700w\" sizes=\"(max-width: 640px) 100vw, 600px\" \/><\/span><\/div><div class=\"fusion-text fusion-text-3\"><p><strong>Lomo<\/strong> <strong>con<\/strong> <strong>ventresca<\/strong><\/p>\n<p>Uno de los cortes m\u00e1s valiosos del at\u00fan rojo es el <u>Harakami<\/u>: lomo y ventresca. Este corte tiene 32 cm de largo, combina dos de las partes m\u00e1s apreciadas del at\u00fan, combinadas en un solo producto con muchos contrastes de color entre el rojo intenso del lomo y el rosado m\u00e1s suave de la ventresca, sabores contrapuestos debido a los diferentes niveles de grasa.<\/p>\n<p>El lomo bajo con ventresca ofrece innegablemente un sinf\u00edn de posibilidades culinarias.<\/p>\n<\/div><\/div><\/div><div class=\"fusion-layout-column fusion_builder_column fusion-builder-column-3 fusion_builder_column_1_3 1_3 fusion-flex-column\" style=\"--awb-bg-size:cover;--awb-width-large:33.333333333333%;--awb-margin-top-large:0px;--awb-spacing-right-large:5.76%;--awb-margin-bottom-large:20px;--awb-spacing-left-large:5.76%;--awb-width-medium:33.333333333333%;--awb-order-medium:0;--awb-spacing-right-medium:5.76%;--awb-spacing-left-medium:5.76%;--awb-width-small:100%;--awb-order-small:0;--awb-spacing-right-small:1.92%;--awb-spacing-left-small:1.92%;\"><div class=\"fusion-column-wrapper fusion-column-has-shadow fusion-flex-justify-content-flex-start fusion-content-layout-column\"><div class=\"fusion-image-carousel fusion-image-carousel-auto fusion-image-carousel-2\"><div class=\"awb-carousel awb-swiper awb-swiper-carousel awb-carousel--carousel awb-swiper-dots-position-bottom\" data-layout=\"carousel\" data-autoplay=\"yes\" data-autoplayspeed=\"4000\" data-autoplaypause=\"no\" data-columns=\"1\" data-columnsmedium=\"1\" data-columnssmall=\"1\" data-itemmargin=\"0\" data-itemwidth=\"180\" data-touchscroll=\"no\" data-freemode=\"no\" data-imagesize=\"auto\" data-scrollitems=\"0\" data-centeredslides=\"no\" data-rotationangle=\"50\" data-depth=\"100\" data-speed=\"500\" data-shadow=\"no\" data-pagination=\"bullets\" style=\"--awb-columns:1;--awb-column-spacing:0px;\"><div class=\"swiper-wrapper awb-image-carousel-wrapper fusion-flex-align-items-center\"><div class=\"swiper-slide\"><div class=\"fusion-carousel-item-wrapper\"><div class=\"fusion-image-wrapper hover-type-none\"><img decoding=\"async\" width=\"1700\" height=\"1062\" src=\"https:\/\/nikofarm.gr\/wp-content\/uploads\/2023\/03\/ventresca-1.jpg\" class=\"attachment-full size-full\" alt=\"\" srcset=\"https:\/\/nikofarm.gr\/wp-content\/uploads\/2023\/03\/ventresca-1-200x125.jpg 200w, https:\/\/nikofarm.gr\/wp-content\/uploads\/2023\/03\/ventresca-1-300x187.jpg 300w, https:\/\/nikofarm.gr\/wp-content\/uploads\/2023\/03\/ventresca-1-400x250.jpg 400w, https:\/\/nikofarm.gr\/wp-content\/uploads\/2023\/03\/ventresca-1-600x375.jpg 600w, https:\/\/nikofarm.gr\/wp-content\/uploads\/2023\/03\/ventresca-1-768x480.jpg 768w, https:\/\/nikofarm.gr\/wp-content\/uploads\/2023\/03\/ventresca-1-800x500.jpg 800w, https:\/\/nikofarm.gr\/wp-content\/uploads\/2023\/03\/ventresca-1-1024x640.jpg 1024w, https:\/\/nikofarm.gr\/wp-content\/uploads\/2023\/03\/ventresca-1-1200x750.jpg 1200w, https:\/\/nikofarm.gr\/wp-content\/uploads\/2023\/03\/ventresca-1-1536x960.jpg 1536w, https:\/\/nikofarm.gr\/wp-content\/uploads\/2023\/03\/ventresca-1.jpg 1700w\" sizes=\"(max-width: 1700px) 100vw, 1700px\" \/><\/div><\/div><\/div><div class=\"swiper-slide\"><div class=\"fusion-carousel-item-wrapper\"><div class=\"fusion-image-wrapper hover-type-none\"><img decoding=\"async\" width=\"1700\" height=\"1134\" src=\"https:\/\/nikofarm.gr\/wp-content\/uploads\/2023\/03\/tira-de-ventresca-1.jpg\" class=\"attachment-full size-full\" alt=\"\" srcset=\"https:\/\/nikofarm.gr\/wp-content\/uploads\/2023\/03\/tira-de-ventresca-1-200x133.jpg 200w, https:\/\/nikofarm.gr\/wp-content\/uploads\/2023\/03\/tira-de-ventresca-1-300x200.jpg 300w, https:\/\/nikofarm.gr\/wp-content\/uploads\/2023\/03\/tira-de-ventresca-1-400x267.jpg 400w, https:\/\/nikofarm.gr\/wp-content\/uploads\/2023\/03\/tira-de-ventresca-1-600x400.jpg 600w, https:\/\/nikofarm.gr\/wp-content\/uploads\/2023\/03\/tira-de-ventresca-1-768x512.jpg 768w, https:\/\/nikofarm.gr\/wp-content\/uploads\/2023\/03\/tira-de-ventresca-1-800x534.jpg 800w, https:\/\/nikofarm.gr\/wp-content\/uploads\/2023\/03\/tira-de-ventresca-1-1024x683.jpg 1024w, https:\/\/nikofarm.gr\/wp-content\/uploads\/2023\/03\/tira-de-ventresca-1-1200x800.jpg 1200w, https:\/\/nikofarm.gr\/wp-content\/uploads\/2023\/03\/tira-de-ventresca-1-1536x1025.jpg 1536w, https:\/\/nikofarm.gr\/wp-content\/uploads\/2023\/03\/tira-de-ventresca-1.jpg 1700w\" sizes=\"(max-width: 1700px) 100vw, 1700px\" \/><\/div><\/div><\/div><div class=\"swiper-slide\"><div class=\"fusion-carousel-item-wrapper\"><div class=\"fusion-image-wrapper hover-type-none\"><img decoding=\"async\" width=\"1700\" height=\"853\" src=\"https:\/\/nikofarm.gr\/wp-content\/uploads\/2023\/03\/media-ventresca.jpg\" class=\"attachment-full size-full\" alt=\"\" srcset=\"https:\/\/nikofarm.gr\/wp-content\/uploads\/2023\/03\/media-ventresca-200x100.jpg 200w, https:\/\/nikofarm.gr\/wp-content\/uploads\/2023\/03\/media-ventresca-300x151.jpg 300w, https:\/\/nikofarm.gr\/wp-content\/uploads\/2023\/03\/media-ventresca-400x201.jpg 400w, https:\/\/nikofarm.gr\/wp-content\/uploads\/2023\/03\/media-ventresca-540x272.jpg 540w, https:\/\/nikofarm.gr\/wp-content\/uploads\/2023\/03\/media-ventresca-600x301.jpg 600w, https:\/\/nikofarm.gr\/wp-content\/uploads\/2023\/03\/media-ventresca-768x385.jpg 768w, https:\/\/nikofarm.gr\/wp-content\/uploads\/2023\/03\/media-ventresca-800x401.jpg 800w, https:\/\/nikofarm.gr\/wp-content\/uploads\/2023\/03\/media-ventresca-1024x514.jpg 1024w, https:\/\/nikofarm.gr\/wp-content\/uploads\/2023\/03\/media-ventresca-1200x602.jpg 1200w, https:\/\/nikofarm.gr\/wp-content\/uploads\/2023\/03\/media-ventresca-1536x771.jpg 1536w, https:\/\/nikofarm.gr\/wp-content\/uploads\/2023\/03\/media-ventresca.jpg 1700w\" sizes=\"(max-width: 1700px) 100vw, 1700px\" \/><\/div><\/div><\/div><\/div><\/div><\/div><div class=\"fusion-text fusion-text-4\"><p><strong>Ventresca<\/strong><\/p>\n<p>La pieza de at\u00fan m\u00e1s legendaria y apreciada por los conocedores de la buena cocina. De color rosado y textura sedosa, particularmente fina: la ventresca, tambi\u00e9n conocida como \u201c<u>Otoro\u201d<\/u>; se encuentra en la base de la zona lumbar y contiene el mayor nivel de grasa.<\/p>\n<p>Protagonista indiscutible de los platos crudos, como el sushi, el tartar y el sashimi, aunque su versatilidad tambi\u00e9n le permite brillar en otras formas, como a la plancha, a la brasa o incluso guisado. Algunos chefs lo cocinan para crear una extraordinaria corteza asada.<\/p>\n<\/div><\/div><\/div><\/div><\/div><\/p>\n","protected":false},"excerpt":{"rendered":"","protected":false},"author":1,"featured_media":512,"parent":592,"menu_order":0,"comment_status":"closed","ping_status":"closed","template":"100-width.php","meta":{"footnotes":""},"class_list":["post-648","page","type-page","status-publish","has-post-thumbnail","hentry"],"_links":{"self":[{"href":"https:\/\/nikofarm.gr\/es\/wp-json\/wp\/v2\/pages\/648","targetHints":{"allow":["GET"]}}],"collection":[{"href":"https:\/\/nikofarm.gr\/es\/wp-json\/wp\/v2\/pages"}],"about":[{"href":"https:\/\/nikofarm.gr\/es\/wp-json\/wp\/v2\/types\/page"}],"author":[{"embeddable":true,"href":"https:\/\/nikofarm.gr\/es\/wp-json\/wp\/v2\/users\/1"}],"replies":[{"embeddable":true,"href":"https:\/\/nikofarm.gr\/es\/wp-json\/wp\/v2\/comments?post=648"}],"version-history":[{"count":4,"href":"https:\/\/nikofarm.gr\/es\/wp-json\/wp\/v2\/pages\/648\/revisions"}],"predecessor-version":[{"id":808,"href":"https:\/\/nikofarm.gr\/es\/wp-json\/wp\/v2\/pages\/648\/revisions\/808"}],"up":[{"embeddable":true,"href":"https:\/\/nikofarm.gr\/es\/wp-json\/wp\/v2\/pages\/592"}],"wp:featuredmedia":[{"embeddable":true,"href":"https:\/\/nikofarm.gr\/es\/wp-json\/wp\/v2\/media\/512"}],"wp:attachment":[{"href":"https:\/\/nikofarm.gr\/es\/wp-json\/wp\/v2\/media?parent=648"}],"curies":[{"name":"wp","href":"https:\/\/api.w.org\/{rel}","templated":true}]}}