{"id":626,"date":"2023-03-13T12:15:11","date_gmt":"2023-03-13T10:15:11","guid":{"rendered":"https:\/\/nikofarm.gr\/productos-especies\/salmon\/"},"modified":"2023-04-18T14:23:56","modified_gmt":"2023-04-18T11:23:56","slug":"salmon","status":"publish","type":"page","link":"https:\/\/nikofarm.gr\/es\/productos-especies\/salmon\/","title":{"rendered":"Salm\u00f3n"},"content":{"rendered":"<p><div class=\"fusion-fullwidth fullwidth-box fusion-builder-row-1 fusion-flex-container has-pattern-background has-mask-background fishblock nonhundred-percent-fullwidth non-hundred-percent-height-scrolling\" style=\"--awb-border-radius-top-left:0px;--awb-border-radius-top-right:0px;--awb-border-radius-bottom-right:0px;--awb-border-radius-bottom-left:0px;--awb-flex-wrap:wrap;\" ><div class=\"fusion-builder-row fusion-row fusion-flex-align-items-flex-start fusion-flex-content-wrap\" style=\"max-width:104%;margin-left: calc(-4% \/ 2 );margin-right: calc(-4% \/ 2 );\"><div class=\"fusion-layout-column fusion_builder_column fusion-builder-column-0 fusion_builder_column_1_1 1_1 fusion-flex-column\" style=\"--awb-bg-size:cover;--awb-width-large:100%;--awb-margin-top-large:0px;--awb-spacing-right-large:1.92%;--awb-margin-bottom-large:20px;--awb-spacing-left-large:1.92%;--awb-width-medium:100%;--awb-order-medium:0;--awb-spacing-right-medium:1.92%;--awb-spacing-left-medium:1.92%;--awb-width-small:100%;--awb-order-small:0;--awb-spacing-right-small:1.92%;--awb-spacing-left-small:1.92%;\"><div class=\"fusion-column-wrapper fusion-column-has-shadow fusion-flex-justify-content-flex-start fusion-content-layout-column\"><div class=\"fusion-text fusion-text-1\"><h2>Conocido como: Atlantic salmon (Reino Unido), Salmon (FR), Salm\u00f3n (ES)<\/h2>\n<p>A trav\u00e9s de una privilegiada colaboraci\u00f3n con <em><u>una piscifactor\u00eda de salm\u00f3n<\/u><\/em> en las Islas Feroe, tenemos la posibilidad de ofrecer salm\u00f3n de alta calidad criado en los lugares de cultivo m\u00e1s importantes del mundo. Esto proporciona la base para el sabor y la excepcional calidad de los productos que importamos.<\/p>\n<p>Parte del secreto de nuestro socio es el m\u00e9todo \u00fanico de extracci\u00f3n del pescado: libre de estr\u00e9s, as\u00ed como su forma de extraer las v\u00edsceras, limpiar, envasar y transportar el salm\u00f3n. Nuestro socio envasa y congela cuidadosamente el pescado en un plazo de 3 horas desde el momento en que se encontraba nadando en el Oc\u00e9ano Atl\u00e1ntico; de esta forma conserva el delicioso sabor y la textura firme del salm\u00f3n.<\/p>\n<p>Es importante destacar que no se utilizan antibi\u00f3ticos ni hormonas en su cr\u00eda, lo que otorga a todos los productos del salm\u00f3n la certificaci\u00f3n BAP y Global G.A.P.<\/p>\n<\/div><\/div><\/div><\/div><\/div><div id=\"Wholefish\" class=\"fusion-container-anchor\"><div class=\"fusion-fullwidth fullwidth-box fusion-builder-row-2 fusion-flex-container has-pattern-background has-mask-background nonhundred-percent-fullwidth non-hundred-percent-height-scrolling\" style=\"--awb-border-radius-top-left:0px;--awb-border-radius-top-right:0px;--awb-border-radius-bottom-right:0px;--awb-border-radius-bottom-left:0px;--awb-flex-wrap:wrap;\" ><div class=\"fusion-builder-row fusion-row fusion-flex-align-items-flex-start fusion-flex-content-wrap\" style=\"max-width:104%;margin-left: calc(-4% \/ 2 );margin-right: calc(-4% \/ 2 );\"><div class=\"fusion-layout-column fusion_builder_column fusion-builder-column-1 fusion_builder_column_1_1 1_1 fusion-flex-column\" style=\"--awb-bg-size:cover;--awb-width-large:100%;--awb-margin-top-large:0px;--awb-spacing-right-large:1.92%;--awb-margin-bottom-large:20px;--awb-spacing-left-large:1.92%;--awb-width-medium:100%;--awb-order-medium:0;--awb-spacing-right-medium:1.92%;--awb-spacing-left-medium:1.92%;--awb-width-small:100%;--awb-order-small:0;--awb-spacing-right-small:1.92%;--awb-spacing-left-small:1.92%;\"><div class=\"fusion-column-wrapper fusion-column-has-shadow fusion-flex-justify-content-flex-start fusion-content-layout-column\"><div class=\"fusion-title title fusion-title-1 fusion-sep-none fusion-title-text fusion-title-size-two\"><h2 class=\"fusion-title-heading title-heading-left\" style=\"margin:0;\">Salm\u00f3n entero fresco<\/h2><\/div><div class=\"fusion-text fusion-text-2\"><p>Tama\u00f1os disponibles para la venta<\/p>\n<ul>\n<li>4 kg \u2013 8 kg<\/li>\n<\/ul>\n<\/div><\/div><\/div><\/div><\/div><\/div><div id=\"sin v\u00edsceras ni escamas\" class=\"fusion-container-anchor\"><div class=\"fusion-fullwidth fullwidth-box fusion-builder-row-3 fusion-flex-container has-pattern-background has-mask-background fishimage nonhundred-percent-fullwidth non-hundred-percent-height-scrolling\" style=\"--awb-border-radius-top-left:0px;--awb-border-radius-top-right:0px;--awb-border-radius-bottom-right:0px;--awb-border-radius-bottom-left:0px;--awb-flex-wrap:wrap;\" ><div class=\"fusion-builder-row fusion-row fusion-flex-align-items-flex-start fusion-flex-content-wrap\" style=\"max-width:104%;margin-left: calc(-4% \/ 2 );margin-right: calc(-4% \/ 2 );\"><div class=\"fusion-layout-column fusion_builder_column fusion-builder-column-2 fusion_builder_column_1_1 1_1 fusion-flex-column\" style=\"--awb-bg-size:cover;--awb-width-large:100%;--awb-margin-top-large:0px;--awb-spacing-right-large:1.92%;--awb-margin-bottom-large:20px;--awb-spacing-left-large:1.92%;--awb-width-medium:100%;--awb-order-medium:0;--awb-spacing-right-medium:1.92%;--awb-spacing-left-medium:1.92%;--awb-width-small:100%;--awb-order-small:0;--awb-spacing-right-small:1.92%;--awb-spacing-left-small:1.92%;\"><div class=\"fusion-column-wrapper fusion-column-has-shadow fusion-flex-justify-content-flex-start fusion-content-layout-column\"><div class=\"fusion-image-element \" style=\"--awb-caption-title-font-family:var(--h2_typography-font-family);--awb-caption-title-font-weight:var(--h2_typography-font-weight);--awb-caption-title-font-style:var(--h2_typography-font-style);--awb-caption-title-size:var(--h2_typography-font-size);--awb-caption-title-transform:var(--h2_typography-text-transform);--awb-caption-title-line-height:var(--h2_typography-line-height);--awb-caption-title-letter-spacing:var(--h2_typography-letter-spacing);\"><span class=\" fusion-imageframe imageframe-none imageframe-1 hover-type-none\"><img decoding=\"async\" width=\"2550\" height=\"1701\" title=\"563A3660-Edit\" src=\"https:\/\/nikofarm.gr\/wp-content\/uploads\/2023\/03\/563A3660-Edit.jpg\" alt class=\"img-responsive wp-image-550\" srcset=\"https:\/\/nikofarm.gr\/wp-content\/uploads\/2023\/03\/563A3660-Edit-200x133.jpg 200w, https:\/\/nikofarm.gr\/wp-content\/uploads\/2023\/03\/563A3660-Edit-400x267.jpg 400w, https:\/\/nikofarm.gr\/wp-content\/uploads\/2023\/03\/563A3660-Edit-600x400.jpg 600w, https:\/\/nikofarm.gr\/wp-content\/uploads\/2023\/03\/563A3660-Edit-800x534.jpg 800w, https:\/\/nikofarm.gr\/wp-content\/uploads\/2023\/03\/563A3660-Edit-1200x800.jpg 1200w, https:\/\/nikofarm.gr\/wp-content\/uploads\/2023\/03\/563A3660-Edit.jpg 2550w\" sizes=\"(max-width: 640px) 100vw, 2550px\" \/><\/span><\/div><div class=\"fusion-title title fusion-title-2 fusion-sep-none fusion-title-text fusion-title-size-two\"><h2 class=\"fusion-title-heading title-heading-left\" style=\"margin:0;\">Filete de salm\u00f3n fresco<\/h2><\/div><\/div><\/div><\/div><\/div><\/div><div id=\"Fillet\" class=\"fusion-container-anchor\"><div class=\"fusion-fullwidth fullwidth-box fusion-builder-row-4 fusion-flex-container has-pattern-background has-mask-background fishimage nonhundred-percent-fullwidth non-hundred-percent-height-scrolling\" style=\"--awb-border-radius-top-left:0px;--awb-border-radius-top-right:0px;--awb-border-radius-bottom-right:0px;--awb-border-radius-bottom-left:0px;--awb-flex-wrap:wrap;\" ><div class=\"fusion-builder-row fusion-row fusion-flex-align-items-flex-start fusion-flex-content-wrap\" style=\"max-width:104%;margin-left: calc(-4% \/ 2 );margin-right: calc(-4% \/ 2 );\"><div class=\"fusion-layout-column fusion_builder_column fusion-builder-column-3 fusion_builder_column_1_1 1_1 fusion-flex-column\" style=\"--awb-bg-size:cover;--awb-width-large:100%;--awb-margin-top-large:0px;--awb-spacing-right-large:1.92%;--awb-margin-bottom-large:20px;--awb-spacing-left-large:1.92%;--awb-width-medium:100%;--awb-order-medium:0;--awb-spacing-right-medium:1.92%;--awb-spacing-left-medium:1.92%;--awb-width-small:100%;--awb-order-small:0;--awb-spacing-right-small:1.92%;--awb-spacing-left-small:1.92%;\"><div class=\"fusion-column-wrapper fusion-column-has-shadow fusion-flex-justify-content-flex-start fusion-content-layout-column\"><div class=\"fusion-image-element \" style=\"--awb-caption-title-font-family:var(--h2_typography-font-family);--awb-caption-title-font-weight:var(--h2_typography-font-weight);--awb-caption-title-font-style:var(--h2_typography-font-style);--awb-caption-title-size:var(--h2_typography-font-size);--awb-caption-title-transform:var(--h2_typography-text-transform);--awb-caption-title-line-height:var(--h2_typography-line-height);--awb-caption-title-letter-spacing:var(--h2_typography-letter-spacing);\"><span class=\" fusion-imageframe imageframe-none imageframe-2 hover-type-none\"><img decoding=\"async\" width=\"2550\" height=\"1912\" title=\"HiddenFjord165495\" src=\"https:\/\/nikofarm.gr\/wp-content\/uploads\/2023\/03\/HiddenFjord165495-1.jpg\" alt class=\"img-responsive wp-image-552\" srcset=\"https:\/\/nikofarm.gr\/wp-content\/uploads\/2023\/03\/HiddenFjord165495-1-200x150.jpg 200w, https:\/\/nikofarm.gr\/wp-content\/uploads\/2023\/03\/HiddenFjord165495-1-400x300.jpg 400w, https:\/\/nikofarm.gr\/wp-content\/uploads\/2023\/03\/HiddenFjord165495-1-600x450.jpg 600w, https:\/\/nikofarm.gr\/wp-content\/uploads\/2023\/03\/HiddenFjord165495-1-800x600.jpg 800w, https:\/\/nikofarm.gr\/wp-content\/uploads\/2023\/03\/HiddenFjord165495-1-1200x900.jpg 1200w, https:\/\/nikofarm.gr\/wp-content\/uploads\/2023\/03\/HiddenFjord165495-1.jpg 2550w\" sizes=\"(max-width: 640px) 100vw, 2550px\" \/><\/span><\/div><div class=\"fusion-title title fusion-title-3 fusion-sep-none fusion-title-text fusion-title-size-two\"><h2 class=\"fusion-title-heading title-heading-left\" style=\"margin:0;\">Filete de salm\u00f3n congelado envasado al vac\u00edo<\/h2><\/div><\/div><\/div><\/div><\/div><\/div><\/p>\n","protected":false},"excerpt":{"rendered":"","protected":false},"author":1,"featured_media":510,"parent":592,"menu_order":0,"comment_status":"closed","ping_status":"closed","template":"100-width.php","meta":{"footnotes":""},"class_list":["post-626","page","type-page","status-publish","has-post-thumbnail","hentry"],"_links":{"self":[{"href":"https:\/\/nikofarm.gr\/es\/wp-json\/wp\/v2\/pages\/626","targetHints":{"allow":["GET"]}}],"collection":[{"href":"https:\/\/nikofarm.gr\/es\/wp-json\/wp\/v2\/pages"}],"about":[{"href":"https:\/\/nikofarm.gr\/es\/wp-json\/wp\/v2\/types\/page"}],"author":[{"embeddable":true,"href":"https:\/\/nikofarm.gr\/es\/wp-json\/wp\/v2\/users\/1"}],"replies":[{"embeddable":true,"href":"https:\/\/nikofarm.gr\/es\/wp-json\/wp\/v2\/comments?post=626"}],"version-history":[{"count":3,"href":"https:\/\/nikofarm.gr\/es\/wp-json\/wp\/v2\/pages\/626\/revisions"}],"predecessor-version":[{"id":629,"href":"https:\/\/nikofarm.gr\/es\/wp-json\/wp\/v2\/pages\/626\/revisions\/629"}],"up":[{"embeddable":true,"href":"https:\/\/nikofarm.gr\/es\/wp-json\/wp\/v2\/pages\/592"}],"wp:featuredmedia":[{"embeddable":true,"href":"https:\/\/nikofarm.gr\/es\/wp-json\/wp\/v2\/media\/510"}],"wp:attachment":[{"href":"https:\/\/nikofarm.gr\/es\/wp-json\/wp\/v2\/media?parent=626"}],"curies":[{"name":"wp","href":"https:\/\/api.w.org\/{rel}","templated":true}]}}