{"id":585,"date":"2023-03-10T15:54:18","date_gmt":"2023-03-10T13:54:18","guid":{"rendered":"https:\/\/nikofarm.gr\/produccion\/"},"modified":"2023-05-11T11:29:56","modified_gmt":"2023-05-11T08:29:56","slug":"produccion","status":"publish","type":"page","link":"https:\/\/nikofarm.gr\/es\/produccion\/","title":{"rendered":"Producci\u00f3n"},"content":{"rendered":"<p><div class=\"fusion-fullwidth fullwidth-box fusion-builder-row-1 fusion-flex-container has-pattern-background has-mask-background nonhundred-percent-fullwidth non-hundred-percent-height-scrolling\" style=\"--awb-border-radius-top-left:0px;--awb-border-radius-top-right:0px;--awb-border-radius-bottom-right:0px;--awb-border-radius-bottom-left:0px;--awb-flex-wrap:wrap;\" ><div class=\"fusion-builder-row fusion-row fusion-flex-align-items-flex-start fusion-flex-content-wrap\" style=\"max-width:104%;margin-left: calc(-4% \/ 2 );margin-right: calc(-4% \/ 2 );\"><div class=\"fusion-layout-column fusion_builder_column fusion-builder-column-0 fusion_builder_column_1_1 1_1 fusion-flex-column\" style=\"--awb-bg-size:cover;--awb-width-large:100%;--awb-margin-top-large:0px;--awb-spacing-right-large:1.92%;--awb-margin-bottom-large:20px;--awb-spacing-left-large:1.92%;--awb-width-medium:100%;--awb-order-medium:0;--awb-spacing-right-medium:1.92%;--awb-spacing-left-medium:1.92%;--awb-width-small:100%;--awb-order-small:0;--awb-spacing-right-small:1.92%;--awb-spacing-left-small:1.92%;\"><div class=\"fusion-column-wrapper fusion-column-has-shadow fusion-flex-justify-content-flex-start fusion-content-layout-column\"><div class=\"fusion-text fusion-text-1\"><h2>Cada a\u00f1o, Nicofarm importa 1,5 millones de alevines, con un peso medio de 2 gramos con el fin de engordar, envasar y vender el producto final en Grecia y en el extranjero.<\/h2>\n<p><u>La piscifactor\u00eda est\u00e1 situada<\/u> en la zona norte de Evia, a 10 kil\u00f3metros de Edipsos. La unidad se encuentra dentro del canal de Ore\u00f3n, donde las corrientes marinas se desplazan con gran fuerza, \u00abobligando\u00bb a los peces a estar constantemente muy bien oxigenados y en continuo movimiento. Estos elementos juegan un papel particularmente importante en el incomparable sabor y la calidad de nuestro pescado.<\/p>\n<p><em><u>La temperatura del agua<\/u><\/em> en la zona se mantiene fr\u00eda en comparaci\u00f3n con otros mares, sin superar los 26 grados en verano. Por esta raz\u00f3n, es posible criar especies que prefieren una temperatura m\u00e1s baja, como la lubina. Adem\u00e1s de esta especie en concreto, criamos tres especies m\u00e1s: dorada, corvina y besugo.<\/p>\n<p>Nuestros peces se cultivan en jaulas espaciosas con redes limpias, mientras que la cantidad de peces por metro c\u00fabico (densidad de peces) es extremadamente baja. De ah\u00ed que nuestros peces crezcan como si vivieran en mar abierto.<\/p>\n<\/div><\/div><\/div><\/div><\/div><div class=\"fusion-fullwidth fullwidth-box fusion-builder-row-2 fusion-flex-container has-pattern-background has-mask-background nonhundred-percent-fullwidth non-hundred-percent-height-scrolling\" style=\"--awb-border-radius-top-left:0px;--awb-border-radius-top-right:0px;--awb-border-radius-bottom-right:0px;--awb-border-radius-bottom-left:0px;--awb-background-color:#ffffff;--awb-flex-wrap:wrap;\" ><div class=\"fusion-builder-row fusion-row fusion-flex-align-items-stretch fusion-flex-content-wrap\" style=\"max-width:104%;margin-left: calc(-4% \/ 2 );margin-right: calc(-4% \/ 2 );\"><div class=\"fusion-layout-column fusion_builder_column fusion-builder-column-1 fusion_builder_column_1_1 1_1 fusion-flex-column\" style=\"--awb-bg-size:cover;--awb-width-large:100%;--awb-margin-top-large:0px;--awb-spacing-right-large:1.92%;--awb-margin-bottom-large:20px;--awb-spacing-left-large:1.92%;--awb-width-medium:100%;--awb-order-medium:0;--awb-spacing-right-medium:1.92%;--awb-spacing-left-medium:1.92%;--awb-width-small:100%;--awb-order-small:0;--awb-spacing-right-small:1.92%;--awb-spacing-left-small:1.92%;\"><div class=\"fusion-column-wrapper fusion-column-has-shadow fusion-flex-justify-content-flex-start fusion-content-layout-column\"><div class=\"fusion-text fusion-text-2\"><p><em><u>El proceso de engorde<\/u><\/em> del pescado se realiza en su tiempo natural de crecimiento, sin prisas. Cada uno pasa de 18 a 24 meses en nuestras jaulas antes de terminar en el plato del consumidor. Por este motivo, Nicofarm es una de las pocas empresas que <em><u>cr\u00eda a largo plazo<\/u><\/em>Lo que significa que, aunque el pescado haya alcanzado su tama\u00f1o comercial (450 gr. a los 14-18 meses), Nicofarm mantiene los peces en sus jaulas otros 6 meses siguiendo una dieta baja en grasas. Esta estrategia supone un mayor costo para la empresa, pero da como resultado un producto m\u00e1s sabroso, m\u00e1s saludable, con menos grasa, de mayor tama\u00f1o y con una vida \u00fatil m\u00e1s prolongada<\/p>\n<\/div><\/div><\/div><\/div><\/div><div class=\"fusion-fullwidth fullwidth-box fusion-builder-row-3 fusion-flex-container has-pattern-background has-mask-background white productblock nonhundred-percent-fullwidth non-hundred-percent-height-scrolling\" style=\"--awb-border-radius-top-left:0px;--awb-border-radius-top-right:0px;--awb-border-radius-bottom-right:0px;--awb-border-radius-bottom-left:0px;--awb-background-color:#ffffff;--awb-flex-wrap:wrap;\" ><div class=\"fusion-builder-row fusion-row fusion-flex-align-items-stretch fusion-flex-content-wrap\" style=\"max-width:104%;margin-left: calc(-4% \/ 2 );margin-right: calc(-4% \/ 2 );\"><div class=\"fusion-layout-column fusion_builder_column fusion-builder-column-2 fusion_builder_column_1_2 1_2 fusion-flex-column\" style=\"--awb-bg-size:cover;--awb-width-large:50%;--awb-margin-top-large:0px;--awb-spacing-right-large:3.84%;--awb-margin-bottom-large:20px;--awb-spacing-left-large:3.84%;--awb-width-medium:50%;--awb-order-medium:0;--awb-spacing-right-medium:3.84%;--awb-spacing-left-medium:3.84%;--awb-width-small:100%;--awb-order-small:0;--awb-spacing-right-small:1.92%;--awb-spacing-left-small:1.92%;\"><div class=\"fusion-column-wrapper fusion-column-has-shadow fusion-flex-justify-content-flex-start fusion-content-layout-column\"><div class=\"fusion-text fusion-text-3\"><p><em><u>En el proceso de envasado<\/u><\/em>, Nicofarm es pionera, manteniendo <u>una moderna planta de envasado<\/u> de 1.000 m2, con todos los certificados exigidos (HACCP: GR 12S13 CEE).<\/p>\n<p>M\u00e1s concretamente, la planta de envasado se encuentra a 100 metros de las jaulas, por lo que los peces van del agua a la envasadora en tan solo 5 minutos. De este modo, se puede mantener la rigidez post mortem del pescado y tambi\u00e9n son posibles diferentes formas de envasado, como la \u00abcurva\u00bb.<\/p>\n<p>De este modo, se puede mantener la rigidez post mortem del pescado y tambi\u00e9n son posibles diferentes formas de envasado, como la \u00abcurva\u00bb.<\/p>\n<p><em><u>En pocas horas<\/u><\/em>, el pescado fresco puede llegar a cualquier puerto del pa\u00eds como el Pireo, Patra e Igoumenitsa, a todos los puntos de distribuci\u00f3n y venta, e incluso al aeropuerto \u00abEleftherios Venizelos\u00bb para exportarlo por v\u00eda a\u00e9rea, a trav\u00e9s de una red de socios.<\/p>\n<\/div><\/div><\/div><div class=\"fusion-layout-column fusion_builder_column fusion-builder-column-3 fusion_builder_column_1_2 1_2 fusion-flex-column\" style=\"--awb-bg-size:cover;--awb-width-large:50%;--awb-margin-top-large:0px;--awb-spacing-right-large:3.84%;--awb-margin-bottom-large:20px;--awb-spacing-left-large:3.84%;--awb-width-medium:50%;--awb-order-medium:0;--awb-spacing-right-medium:3.84%;--awb-spacing-left-medium:3.84%;--awb-width-small:100%;--awb-order-small:0;--awb-spacing-right-small:1.92%;--awb-spacing-left-small:1.92%;\"><div class=\"fusion-column-wrapper fusion-column-has-shadow fusion-flex-justify-content-flex-start fusion-content-layout-column\"><div class=\"fusion-text fusion-text-4\"><p>Hay un seguimiento constante y concienzudo de todo el proceso por parte de nuestro personal: un equipo dirigido por un icti\u00f3logo experimentado. En la piscifactor\u00eda se encuentran diariamente Pablo Nikolaou y su hijo, Harris, quien trabaja con \u00e9l de forma permanente desde 2009, cuando finaliz\u00f3 sus estudios en la facultad de Organizaci\u00f3n y Administraci\u00f3n de Empresas de la Universidad del Pireo.<\/p>\n<p>En la piscifactor\u00eda se encuentran diariamente Pablo Nikolaou y su hijo, Harris, quien trabaja con \u00e9l de forma permanente desde 2009, cuando finaliz\u00f3 sus estudios en la facultad de Organizaci\u00f3n y Administraci\u00f3n de Empresas de la Universidad del Pireo.<\/p>\n<\/div><\/div><\/div><\/div><\/div><div class=\"fusion-fullwidth fullwidth-box fusion-builder-row-4 fusion-flex-container has-pattern-background has-mask-background videoblock nonhundred-percent-fullwidth non-hundred-percent-height-scrolling\" style=\"--awb-border-radius-top-left:0px;--awb-border-radius-top-right:0px;--awb-border-radius-bottom-right:0px;--awb-border-radius-bottom-left:0px;--awb-flex-wrap:wrap;\" ><div class=\"fusion-builder-row fusion-row fusion-flex-align-items-flex-start fusion-flex-content-wrap\" style=\"max-width:104%;margin-left: calc(-4% \/ 2 );margin-right: calc(-4% \/ 2 );\"><div class=\"fusion-layout-column fusion_builder_column fusion-builder-column-4 fusion_builder_column_1_1 1_1 fusion-flex-column\" style=\"--awb-bg-size:cover;--awb-width-large:100%;--awb-margin-top-large:0px;--awb-spacing-right-large:1.92%;--awb-margin-bottom-large:20px;--awb-spacing-left-large:1.92%;--awb-width-medium:100%;--awb-order-medium:0;--awb-spacing-right-medium:1.92%;--awb-spacing-left-medium:1.92%;--awb-width-small:100%;--awb-order-small:0;--awb-spacing-right-small:1.92%;--awb-spacing-left-small:1.92%;\"><div class=\"fusion-column-wrapper fusion-column-has-shadow fusion-flex-justify-content-flex-start fusion-content-layout-column\"><div class=\"fusion-video fusion-selfhosted-video\" style=\"max-width:100%;\"><div class=\"video-wrapper\"><video playsinline=\"true\" width=\"100%\" style=\"object-fit: cover;\" autoplay=\"true\" muted=\"true\" loop=\"true\" preload=\"auto\"><source src=\"https:\/\/nikofarm.gr\/wp-content\/uploads\/2023\/03\/fish_hd.webm\" type=\"video\/webm\"><source src=\"https:\/\/nikofarm.gr\/wp-content\/uploads\/2023\/03\/fish.mp4\" type=\"video\/mp4\">Sorry, your browser doesn&#039;t support embedded videos.<\/video><\/div><\/div><\/div><\/div><\/div><\/div><\/p>\n","protected":false},"excerpt":{"rendered":"","protected":false},"author":1,"featured_media":458,"parent":0,"menu_order":0,"comment_status":"closed","ping_status":"closed","template":"100-width.php","meta":{"footnotes":""},"class_list":["post-585","page","type-page","status-publish","has-post-thumbnail","hentry"],"_links":{"self":[{"href":"https:\/\/nikofarm.gr\/es\/wp-json\/wp\/v2\/pages\/585","targetHints":{"allow":["GET"]}}],"collection":[{"href":"https:\/\/nikofarm.gr\/es\/wp-json\/wp\/v2\/pages"}],"about":[{"href":"https:\/\/nikofarm.gr\/es\/wp-json\/wp\/v2\/types\/page"}],"author":[{"embeddable":true,"href":"https:\/\/nikofarm.gr\/es\/wp-json\/wp\/v2\/users\/1"}],"replies":[{"embeddable":true,"href":"https:\/\/nikofarm.gr\/es\/wp-json\/wp\/v2\/comments?post=585"}],"version-history":[{"count":3,"href":"https:\/\/nikofarm.gr\/es\/wp-json\/wp\/v2\/pages\/585\/revisions"}],"predecessor-version":[{"id":819,"href":"https:\/\/nikofarm.gr\/es\/wp-json\/wp\/v2\/pages\/585\/revisions\/819"}],"wp:featuredmedia":[{"embeddable":true,"href":"https:\/\/nikofarm.gr\/es\/wp-json\/wp\/v2\/media\/458"}],"wp:attachment":[{"href":"https:\/\/nikofarm.gr\/es\/wp-json\/wp\/v2\/media?parent=585"}],"curies":[{"name":"wp","href":"https:\/\/api.w.org\/{rel}","templated":true}]}}