{"id":570,"date":"2023-03-07T08:44:26","date_gmt":"2023-03-07T06:44:26","guid":{"rendered":"https:\/\/nikofarm.gr\/politicas-de-privacidad\/"},"modified":"2023-04-18T11:58:45","modified_gmt":"2023-04-18T08:58:45","slug":"politicas-de-privacidad","status":"publish","type":"page","link":"https:\/\/nikofarm.gr\/es\/politicas-de-privacidad\/","title":{"rendered":"Pol\u00edticas de Privacidad"},"content":{"rendered":"<div class=\"fusion-fullwidth fullwidth-box fusion-builder-row-1 fusion-flex-container nonhundred-percent-fullwidth non-hundred-percent-height-scrolling\" style=\"--awb-border-radius-top-left:0px;--awb-border-radius-top-right:0px;--awb-border-radius-bottom-right:0px;--awb-border-radius-bottom-left:0px;--awb-flex-wrap:wrap;\" ><div class=\"fusion-builder-row fusion-row fusion-flex-align-items-flex-start fusion-flex-content-wrap\" style=\"max-width:104%;margin-left: calc(-4% \/ 2 );margin-right: calc(-4% \/ 2 );\"><div class=\"fusion-layout-column fusion_builder_column fusion-builder-column-0 fusion_builder_column_1_1 1_1 fusion-flex-column\" style=\"--awb-bg-size:cover;--awb-width-large:100%;--awb-margin-top-large:0px;--awb-spacing-right-large:1.92%;--awb-margin-bottom-large:0px;--awb-spacing-left-large:1.92%;--awb-width-medium:100%;--awb-spacing-right-medium:1.92%;--awb-spacing-left-medium:1.92%;--awb-width-small:100%;--awb-spacing-right-small:1.92%;--awb-spacing-left-small:1.92%;\"><div class=\"fusion-column-wrapper fusion-flex-justify-content-flex-start fusion-content-layout-column\"><div class=\"fusion-text fusion-text-1\"><p>La empresa \u00abNIKOFARM Ltda.\u00bb (en lo sucesivo \u00abEmpresa\u00bb: \u00abnosotros\u00bb) de conformidad con las disposiciones del Reglamento (UE) 2016\/679 (en lo sucesivo: \u00abRGPD\u00bb), la Ley 4624\/2019, las Decisiones, Instrucciones y Dict\u00e1menes de la Autoridad Griega de Protecci\u00f3n de Datos Personales y en general, la legislaci\u00f3n pertinente en materia de protecci\u00f3n de datos personales (en lo sucesivo: \u201cLegislaci\u00f3n Aplicable\u201d), en calidad de Responsable del Tratamiento desea, a trav\u00e9s de la presente Pol\u00edtica de Privacidad, informar a las personas f\u00edsicas que visiten su sitio web (en lo sucesivo \u201cSujeto de Data\u00bb: \u00abusted\u00bb) para procesar sus datos personales.<\/p>\n<p>\u0399. QU\u00c9 DATOS PERSONALES RECOPILAMOS, PARA QU\u00c9 FINALIDADES Y CU\u00c1LES SON LAS BASES JUR\u00cdDICAS CORRESPONDIENTES<\/p>\n<table width=\"500\">\n<tbody>\n<tr>\n<td><strong>Objetivo<\/strong><\/td>\n<td><strong>Datos personales recopilados<\/strong><\/td>\n<td><strong>Base legal<\/strong><\/td>\n<\/tr>\n<tr>\n<td>Contacto con clientes potenciales (a trav\u00e9s del formulario de contacto)<\/td>\n<td>Nombre, direcci\u00f3n de correo electr\u00f3nico, datos personales que puedan incluirse en el asunto y mensaje.<\/td>\n<td>Art\u00edculo 6 (1) (b) RGPD: El procesamiento es necesario para la ejecuci\u00f3n de un contrato en el que el interesado es parte contratante o para tomar medidas a petici\u00f3n del interesado antes de la celebraci\u00f3n de un contrato.<\/td>\n<\/tr>\n<tr>\n<td>Social Plugins<\/td>\n<td>A trav\u00e9s de los plugins (complementos espec\u00edficos), solo podemos acceder a la informaci\u00f3n compartida p\u00fablicamente en las respectivas plataformas de redes sociales. El uso de los complementos que se encuentran en nuestro sitio web se rige por los t\u00e9rminos y condiciones de cada plataforma.<\/td>\n<td>Art\u00edculo 6 (1) (a) GDPR: el consentimiento del Interesado, consistente en una acci\u00f3n positiva expl\u00edcita por parte del usuario (seleccionando el icono de la red social que lleva al usuario a la plataforma correspondiente).<\/td>\n<\/tr>\n<\/tbody>\n<\/table>\n<ol>\n<li>\u00bfCU\u00c1NTO TIEMPO CONSERVAMOS SUS DATOS PERSONALES?<\/li>\n<\/ol>\n<p>Conservamos sus datos personales durante el tiempo que sea necesario en funci\u00f3n del prop\u00f3sito para el que fueron recopilados, como se describe en la secci\u00f3n I, a menos que la ley exija lo contrario.<\/p>\n<p>Una vez finalizado el per\u00edodo de cumplimiento prescrito, sus datos se eliminar\u00e1n de forma irrevocable o se destruir\u00e1n de forma segura, seg\u00fan est\u00e1ndares y especificaciones claramente definidos bajo la responsabilidad de la Compa\u00f1\u00eda.<\/p>\n<p>\u0399\u0399\u0399. A QUI\u00c9N DIVULGAMOS Y\/O TRANSMITIMOS SUS DATOS PERSONALES<\/p>\n<p>Nuestra empresa divulga sus datos personales a sus empleados autorizados. Adem\u00e1s, podemos transferir los datos recopilados a trav\u00e9s de este sitio web:<\/p>\n<p>a) a) A entidades, a las que se les asigne la ejecuci\u00f3n de tareas espec\u00edficas tales como, con car\u00e1cter enunciativo pero no limitativo, proveedores de productos y\/o servicios inform\u00e1ticos y\/o soporte de toda clase de sistemas y redes de informaci\u00f3n y electr\u00f3nicos, empresas comercializadoras, empresas consultoras, etc. Las entidades espec\u00edficas brindan garant\u00edas suficientes para la implementaci\u00f3n de medidas t\u00e9cnicas y organizativas apropiadas, de tal manera que el procesamiento de datos se realice de acuerdo con los requisitos del RGPD y la legislaci\u00f3n aplicable en materia de protecci\u00f3n de datos personales.<\/p>\n<p>b) Las entidades espec\u00edficas brindan garant\u00edas suficientes para la implementaci\u00f3n de medidas t\u00e9cnicas y organizativas apropiadas, de tal manera que el procesamiento de datos se realice de acuerdo con los requisitos del RGPD y la legislaci\u00f3n aplicable en materia de protecci\u00f3n de datos personales.<\/p>\n<p>\u0399V. DERECHOS DEL TITULAR DE LOS DATOS<\/p>\n<p>Seg\u00fan el Reglamento General de Protecci\u00f3n de Datos se le otorgan derechos y opciones que nos comprometemos a satisfacer. Por lo tanto, usted puede:<\/p>\n<ul>\n<li>solicitar informaci\u00f3n sobre sus datos personales almacenados y la forma en que se procesan. Si lo desea, le facilitaremos una copia de sus datos personales objeto de tratamiento, de forma gratuita (Derecho de Acceso).<\/li>\n<li>solicitar la rectificaci\u00f3n de inexactitudes o errores, la correcci\u00f3n de datos incompletos o la actualizaci\u00f3n de sus datos (Derecho de rectificaci\u00f3n)<\/li>\n<li>solicitar la eliminaci\u00f3n de datos personales, si ya no se conservan para fines espec\u00edficos, legales o establecidos (Derecho a la eliminaci\u00f3n o Derecho al olvido).<\/li>\n<li>solicitar la restricci\u00f3n del procesamiento: a) cuando se impugne la exactitud de los datos personales, b) cuando el procesamiento sea ilegal (pero usted se opone a la eliminaci\u00f3n de los datos), c) cuando los datos ya no sean necesarios para los fines del procesamiento, y d) mientras est\u00e9 pendiente la comprobaci\u00f3n de si los motivos leg\u00edtimos del responsable prevalecen sobre los del interesado.<\/li>\n<li>objetar por motivos relacionados con su situaci\u00f3n particular, en cualquier momento, al procesamiento de datos personales, especialmente cuando estos datos se procesan con fines de marketing directo o elaboraci\u00f3n de perfiles. M\u00e1s concretamente, puede oponerse a una decisi\u00f3n basada \u00fanicamente en el tratamiento automatizado. En tal caso, podr\u00e1 ejercer su derecho de intervenci\u00f3n (Derecho de oposici\u00f3n &#8211; Toma de decisiones individual automatizada)<\/li>\n<li>recibir sus datos personales en un formato estructurado, de uso com\u00fan y lectura mec\u00e1nica o transmitirlos a otro responsable del tratamiento a su solicitud, cuando sea t\u00e9cnicamente factible y en todo momento en las condiciones espec\u00edficas de la ley (Derecho a la portabilidad de los datos)<\/li>\n<li>revocar su consentimiento una vez otorgado para el procesamiento de sus datos en cualquier momento. Como resultado, no se nos permitir\u00e1 continuar con el procesamiento de datos basado en este consentimiento en el future<\/li>\n<\/ul>\n<p>Si desea ponerse en contacto con nosotros con respecto a los t\u00e9rminos de la Pol\u00edtica de privacidad, o para cualquier otra solicitud que pueda tener, puede enviar un correo electr\u00f3nico a <a href=\"mailto:info@nikofarm.gr\">info@nikofarm.gr<\/a><\/p>\n<p>Si cree que se est\u00e1n violando las disposiciones sobre datos personales, puede presenter una queja ante la Autoridad Griega de Protecci\u00f3n de Datos (DPA)<\/p>\n<\/div><\/div><\/div><\/div><\/div>\n","protected":false},"excerpt":{"rendered":"","protected":false},"author":1,"featured_media":0,"parent":0,"menu_order":0,"comment_status":"closed","ping_status":"closed","template":"","meta":{"footnotes":""},"class_list":["post-570","page","type-page","status-publish","hentry"],"_links":{"self":[{"href":"https:\/\/nikofarm.gr\/es\/wp-json\/wp\/v2\/pages\/570","targetHints":{"allow":["GET"]}}],"collection":[{"href":"https:\/\/nikofarm.gr\/es\/wp-json\/wp\/v2\/pages"}],"about":[{"href":"https:\/\/nikofarm.gr\/es\/wp-json\/wp\/v2\/types\/page"}],"author":[{"embeddable":true,"href":"https:\/\/nikofarm.gr\/es\/wp-json\/wp\/v2\/users\/1"}],"replies":[{"embeddable":true,"href":"https:\/\/nikofarm.gr\/es\/wp-json\/wp\/v2\/comments?post=570"}],"version-history":[{"count":2,"href":"https:\/\/nikofarm.gr\/es\/wp-json\/wp\/v2\/pages\/570\/revisions"}],"predecessor-version":[{"id":572,"href":"https:\/\/nikofarm.gr\/es\/wp-json\/wp\/v2\/pages\/570\/revisions\/572"}],"wp:attachment":[{"href":"https:\/\/nikofarm.gr\/es\/wp-json\/wp\/v2\/media?parent=570"}],"curies":[{"name":"wp","href":"https:\/\/api.w.org\/{rel}","templated":true}]}}